{"id":83,"date":"2021-11-17T05:11:44","date_gmt":"2021-11-17T04:11:44","guid":{"rendered":"http:\/\/m-sahin.de\/?page_id=83"},"modified":"2021-11-17T05:18:45","modified_gmt":"2021-11-17T04:18:45","slug":"stellenausschreibung-fuer-einen-schweisser","status":"publish","type":"page","link":"http:\/\/m-sahin.de\/index.php\/stellenausschreibung-fuer-einen-schweisser\/","title":{"rendered":"Stellenausschreibung f\u00fcr einen Schwei\u00dfer"},"content":{"rendered":"\n<p>Wir, M. Sahin, M. Sahin GmbH, suchen zum n\u00e4chstm\u00f6glichen Zeitpunkt einen fachlich versierten <strong>Schwei\u00dfer m\/w\/d<\/strong><\/p>\n\n\n\n<p>f\u00fcr die Verfahren MIG\/MAG und E-Schwei\u00dfen, zum Verbinden von Edelstahl-Bauteilen in der Lebensmittelindustrie. Seit mehr als 10 Jahren fertigen wir als Nachunternehmer der Lebensmittelindustrie hochwertige Konstruktionen unsere Kunden. Wir zeichnen uns die eine T\u00dcV zertifizierte Arbeitsweise aus, die jeder Qualit\u00e4tspr\u00fcfung standh\u00e4lt. Nun suchen wir einen weiteren Top Mitarbeiter f\u00fcr unser Team. F\u00fchlen Sie sich angesprochen?<\/p>\n\n\n\n<h5 class=\"wp-block-heading\">Was wir von Ihnen erwarten:<\/h5>\n\n\n\n<ul class=\"wp-block-list\"><li>Ausbildung im gewerblichen Bereich<\/li><li>Fortbildung im jeweiligen Schwei\u00dfverfahren<\/li><li>Kenntnisse in der Planung<\/li><li>Kenntnisse in der Konstruktion<\/li><li>Kenntnisse in der QS<\/li><li>Belastbarkeit<\/li><li>Organisationstalent<\/li><li>Zuverl\u00e4ssigkeit<\/li><li>technisches Denken<\/li><li>Kommunikationsf\u00e4higkeit<\/li><li>r\u00e4umliches Denken<\/li><\/ul>\n\n\n\n<h5 class=\"wp-block-heading\">Was Sie von uns erwarten d\u00fcrfen:<\/h5>\n\n\n\n<ul class=\"wp-block-list\"><li>eine anstrengende, aber technisch hochinteressante Aufgabe<\/li><li>eine interessante und abwechslungsreiche Arbeit<\/li><li>eine sehr gute Bezahlung<\/li><li>ein unbefristetes Arbeitsverh\u00e4ltnis<\/li><li>ein tolles und motiviertes Team<\/li><li>Sonderzahlungen wie Weihnachts- und Urlaubsgeld<\/li><\/ul>\n\n\n\n<p>Wenn Sie sich in den g\u00e4ngigen Schwei\u00dfverfahren sehr gut auskennen und Sie gerne an der Konstruktion von gro\u00dfen Industrieanlagen arbeiten, sollten Sie uns Ihre vollst\u00e4ndigen Bewerbungsunterlagen zusenden. Wir werden alles pr\u00fcfen und uns so schnell wie m\u00f6glich bei Ihnen melden.<\/p>\n\n\n\n<div class=\"wp-block-contact-form-7-contact-form-selector\"><div role=\"form\" class=\"wpcf7\" id=\"wpcf7-f65-o1\" lang=\"de-DE\" dir=\"ltr\">\n<div class=\"screen-reader-response\"><p role=\"status\" aria-live=\"polite\" aria-atomic=\"true\"><\/p> <ul><\/ul><\/div>\n<form action=\"\/index.php\/wp-json\/wp\/v2\/pages\/83#wpcf7-f65-o1\" method=\"post\" class=\"wpcf7-form init\" enctype=\"multipart\/form-data\" novalidate=\"novalidate\" data-status=\"init\">\n<div style=\"display: none;\">\n<input type=\"hidden\" name=\"_wpcf7\" value=\"65\" \/>\n<input type=\"hidden\" name=\"_wpcf7_version\" value=\"5.5.3\" \/>\n<input type=\"hidden\" name=\"_wpcf7_locale\" value=\"de_DE\" \/>\n<input type=\"hidden\" name=\"_wpcf7_unit_tag\" value=\"wpcf7-f65-o1\" \/>\n<input type=\"hidden\" name=\"_wpcf7_container_post\" value=\"0\" \/>\n<input type=\"hidden\" name=\"_wpcf7_posted_data_hash\" value=\"\" \/>\n<input type=\"hidden\" name=\"_wpcf7_recaptcha_response\" value=\"\" \/>\n<\/div>\n<p>F\u00fcr deine vollst\u00e4ndigen Bewerbungsunterlagen benutze bitte da folgende Formular oder sende sie direkt an die E-Mail-Adresse: email@m-sahin.de<\/p>\n<p><label> Dein Name<br \/>\n    <span class=\"wpcf7-form-control-wrap your-name\"><input type=\"text\" name=\"your-name\" value=\"\" size=\"40\" class=\"wpcf7-form-control wpcf7-text wpcf7-validates-as-required\" aria-required=\"true\" aria-invalid=\"false\" \/><\/span> <\/label><\/p>\n<p><label> Deine Telefonnumer (optional)<br \/>\n    <span class=\"wpcf7-form-control-wrap tel-806\"><input type=\"tel\" name=\"tel-806\" value=\"\" size=\"40\" class=\"wpcf7-form-control wpcf7-text wpcf7-tel wpcf7-validates-as-tel\" aria-invalid=\"false\" placeholder=\"Deine Telefonnummer...\" \/><\/span> <\/label><\/p>\n<p><label> Deine E-Mail-Adresse<br \/>\n    <span class=\"wpcf7-form-control-wrap your-email\"><input type=\"email\" name=\"your-email\" value=\"\" size=\"40\" class=\"wpcf7-form-control wpcf7-text wpcf7-email wpcf7-validates-as-required wpcf7-validates-as-email\" aria-required=\"true\" aria-invalid=\"false\" \/><\/span> <\/label><\/p>\n<p><label> Betreff<br \/>\n    <span class=\"wpcf7-form-control-wrap your-subject\"><input type=\"text\" name=\"your-subject\" value=\"\" size=\"40\" class=\"wpcf7-form-control wpcf7-text wpcf7-validates-as-required\" aria-required=\"true\" aria-invalid=\"false\" \/><\/span> <\/label><\/p>\n<p><label> Deine Nachricht (optional)<br \/>\n    <span class=\"wpcf7-form-control-wrap your-message\"><textarea name=\"your-message\" cols=\"40\" rows=\"10\" class=\"wpcf7-form-control wpcf7-textarea\" aria-invalid=\"false\"><\/textarea><\/span> <\/label><\/p>\n<p><span class=\"wpcf7-form-control-wrap file-907\"><input type=\"file\" name=\"file-907\" size=\"40\" class=\"wpcf7-form-control wpcf7-file\" accept=\".pdf,.jpeg,.jpg,.png\" aria-invalid=\"false\" \/><\/span><\/p>\n<p><input type=\"submit\" value=\"Senden\" class=\"wpcf7-form-control has-spinner wpcf7-submit\" \/><\/p>\n<div class=\"wpcf7-response-output\" aria-hidden=\"true\"><\/div><\/form><\/div><\/div>\n","protected":false},"excerpt":{"rendered":"<p>Wir, M. Sahin, M. Sahin GmbH, suchen zum n\u00e4chstm\u00f6glichen Zeitpunkt einen fachlich versierten Schwei\u00dfer m\/w\/d f\u00fcr die Verfahren MIG\/MAG und E-Schwei\u00dfen, zum Verbinden von Edelstahl-Bauteilen in der Lebensmittelindustrie. Seit mehr als 10 Jahren fertigen wir als Nachunternehmer der Lebensmittelindustrie hochwertige Konstruktionen unsere Kunden. Wir zeichnen uns die eine T\u00dcV zertifizierte Arbeitsweise aus, die jeder Qualit\u00e4tspr\u00fcfung [&hellip;]<\/p>\n","protected":false},"author":1,"featured_media":0,"parent":0,"menu_order":0,"comment_status":"closed","ping_status":"closed","template":"","meta":{"footnotes":""},"class_list":["post-83","page","type-page","status-publish","hentry","entry"],"_links":{"self":[{"href":"http:\/\/m-sahin.de\/index.php\/wp-json\/wp\/v2\/pages\/83","targetHints":{"allow":["GET"]}}],"collection":[{"href":"http:\/\/m-sahin.de\/index.php\/wp-json\/wp\/v2\/pages"}],"about":[{"href":"http:\/\/m-sahin.de\/index.php\/wp-json\/wp\/v2\/types\/page"}],"author":[{"embeddable":true,"href":"http:\/\/m-sahin.de\/index.php\/wp-json\/wp\/v2\/users\/1"}],"replies":[{"embeddable":true,"href":"http:\/\/m-sahin.de\/index.php\/wp-json\/wp\/v2\/comments?post=83"}],"version-history":[{"count":4,"href":"http:\/\/m-sahin.de\/index.php\/wp-json\/wp\/v2\/pages\/83\/revisions"}],"predecessor-version":[{"id":107,"href":"http:\/\/m-sahin.de\/index.php\/wp-json\/wp\/v2\/pages\/83\/revisions\/107"}],"wp:attachment":[{"href":"http:\/\/m-sahin.de\/index.php\/wp-json\/wp\/v2\/media?parent=83"}],"curies":[{"name":"wp","href":"https:\/\/api.w.org\/{rel}","templated":true}]}}